{"id":35,"date":"2021-03-05T13:20:09","date_gmt":"2021-03-05T12:20:09","guid":{"rendered":"http:\/\/gkservices.de.w01ba8bd.kasserver.com\/?page_id=35"},"modified":"2021-04-08T16:46:40","modified_gmt":"2021-04-08T14:46:40","slug":"zur-person","status":"publish","type":"page","link":"https:\/\/gkservices.de\/en\/zur-person\/","title":{"rendered":"about me"},"content":{"rendered":"<p>[et_pb_section fb_built=&#8220;1&#8243; admin_label=&#8220;Hero&#8220; _builder_version=&#8220;3.22&#8243; background_color=&#8220;#000000&#8243; use_background_color_gradient=&#8220;on&#8220; background_color_gradient_start=&#8220;#063661&#8243; background_color_gradient_end=&#8220;rgba(43,78,136,0.67)&#8220; background_color_gradient_direction=&#8220;118deg&#8220; background_color_gradient_overlays_image=&#8220;on&#8220; background_image=&#8220;http:\/\/gkservices.de.w01ba8bd.kasserver.com\/wp-content\/uploads\/2021\/03\/car-dealer-35.jpg&#8220; custom_padding=&#8220;90px|0px|0|0px|false|false&#8220; bottom_divider_style=&#8220;slant2&#8243; bottom_divider_color=&#8220;#faa152&#8243; bottom_divider_height=&#8220;260px&#8220; bottom_divider_flip=&#8220;vertical&#8220; bottom_divider_height_tablet=&#8220;&#8220; bottom_divider_height_phone=&#8220;90px&#8220; bottom_divider_height_last_edited=&#8220;on|desktop&#8220;][et_pb_row column_structure=&#8220;2_3,1_3&#8243; _builder_version=&#8220;4.9.1&#8243; max_width=&#8220;1440px&#8220; custom_padding=&#8220;27px|0px|0|0px|false|false&#8220; use_custom_width=&#8220;on&#8220; custom_width_px=&#8220;1440px&#8220;][et_pb_column type=&#8220;2_3&#8243; _builder_version=&#8220;3.25&#8243; custom_padding=&#8220;|||&#8220; custom_padding__hover=&#8220;|||&#8220;][et_pb_text _builder_version=&#8220;4.9.1&#8243; text_font=&#8220;||||||||&#8220; text_font_size=&#8220;12px&#8220; header_font=&#8220;Josefin Sans|700|||||||&#8220; header_font_size=&#8220;60px&#8220; header_line_height=&#8220;1.4em&#8220; header_2_font=&#8220;||||||||&#8220; background_layout=&#8220;dark&#8220; max_width=&#8220;800px&#8220; module_alignment=&#8220;left&#8220; animation_style=&#8220;fade&#8220; header_font_size_tablet=&#8220;50px&#8220; header_font_size_phone=&#8220;34px&#8220; header_font_size_last_edited=&#8220;on|phone&#8220;]<\/p>\n<h2><strong>G.K.-Services<\/strong><br \/><strong>Inh. H.-G\u00fcnter Kuhlmann<\/strong><\/h2>\n<p>[\/et_pb_text][\/et_pb_column][et_pb_column type=&#8220;1_3&#8243; _builder_version=&#8220;3.25&#8243; custom_padding=&#8220;|||&#8220; custom_padding__hover=&#8220;|||&#8220;][et_pb_image src=&#8220;http:\/\/gkservices.de.w01ba8bd.kasserver.com\/wp-content\/uploads\/2021\/03\/logo.png&#8220; alt=&#8220;logo&#8220; title_text=&#8220;logo&#8220; _builder_version=&#8220;4.9.1&#8243; _module_preset=&#8220;default&#8220; global_module=&#8220;79&#8243; saved_tabs=&#8220;all&#8220;][\/et_pb_image][\/et_pb_column][\/et_pb_row][et_pb_row column_structure=&#8220;1_3,2_3&#8243; use_custom_gutter=&#8220;on&#8220; gutter_width=&#8220;2&#8243; _builder_version=&#8220;3.25&#8243; max_width=&#8220;1440px&#8220; custom_padding=&#8220;|||&#8220; use_custom_width=&#8220;on&#8220; custom_width_px=&#8220;1440px&#8220;][et_pb_column type=&#8220;1_3&#8243; _builder_version=&#8220;3.25&#8243; custom_padding=&#8220;||40px|&#8220; custom_padding_tablet=&#8220;||0px|&#8220; custom_padding_phone=&#8220;&#8220; custom_padding_last_edited=&#8220;on|tablet&#8220; padding_tablet=&#8220;||0px|&#8220; padding_last_edited=&#8220;on|tablet&#8220; custom_padding__hover=&#8220;|||&#8220;][\/et_pb_column][et_pb_column type=&#8220;2_3&#8243; _builder_version=&#8220;3.25&#8243; custom_padding=&#8220;60px|||&#8220; custom_padding_tablet=&#8220;0px|||&#8220; custom_padding_phone=&#8220;&#8220; custom_padding_last_edited=&#8220;on|tablet&#8220; padding_tablet=&#8220;0px|||&#8220; padding_last_edited=&#8220;on|tablet&#8220; custom_padding__hover=&#8220;|||&#8220;][et_pb_text _builder_version=&#8220;4.9.1&#8243; _module_preset=&#8220;default&#8220;]<\/p>\n<h4 class=\"et_pb_module_header et-fb-editable-element et-fb-editable-element__editing\" data-shortcode-id=\"4.1.1.2-1615293851295\" data-quickaccess-id=\"header\" contenteditable=\"true\">Wertherstr. 345, 33619 Bielefeld<\/h4>\n<p>[\/et_pb_text][\/et_pb_column][\/et_pb_row][\/et_pb_section][et_pb_section fb_built=&#8220;1&#8243; custom_padding_last_edited=&#8220;on|desktop&#8220; admin_label=&#8220;About Us&#8220; _builder_version=&#8220;3.22&#8243; custom_padding=&#8220;120px|||&#8220; custom_padding_tablet=&#8220;120px|||&#8220; custom_padding_phone=&#8220;120px|||&#8220; top_divider_style=&#8220;slant2&#8243; top_divider_color=&#8220;#e8e8e8&#8243; top_divider_height=&#8220;120px&#8220; top_divider_height_tablet=&#8220;&#8220; top_divider_height_phone=&#8220;90px&#8220; top_divider_height_last_edited=&#8220;on|desktop&#8220; bottom_divider_height=&#8220;120px&#8220; bottom_divider_height_tablet=&#8220;&#8220; bottom_divider_height_phone=&#8220;&#8220; bottom_divider_height_last_edited=&#8220;on|phone&#8220;][et_pb_row column_structure=&#8220;1_2,1_2&#8243; admin_label=&#8220;Text Area&#8220; _builder_version=&#8220;3.25&#8243; custom_padding=&#8220;27px|0px|0|0px|false|false&#8220;][et_pb_column type=&#8220;1_2&#8243; _builder_version=&#8220;3.25&#8243; custom_padding=&#8220;|||&#8220; custom_padding__hover=&#8220;|||&#8220;][et_pb_text _builder_version=&#8220;4.9.1&#8243; text_font=&#8220;||||||||&#8220; header_font=&#8220;||||||||&#8220; header_2_font=&#8220;Josefin Sans|700|||||||&#8220; header_2_font_size=&#8220;50px&#8220; header_2_line_height=&#8220;1.4em&#8220; max_width=&#8220;800px&#8220; module_alignment=&#8220;center&#8220; header_2_font_size_tablet=&#8220;50px&#8220; header_2_font_size_phone=&#8220;34px&#8220; header_2_font_size_last_edited=&#8220;on|phone&#8220;]<\/p>\n<p class=\"translation-block\">Being the owner of G.K.-Services it is a pleasure to introduce myself to you:<\/p>\n<p>My name is Hans-G\u00fcnter Kuhlmann and I was born in Bielefeld in 1955. I am married and father of two adult children.<\/p>\n<p class=\"translation-block\">I grew up in Bielefeld and attended the grammar school in Werther\/Westphalia. This was followed by attending and successfully passing the Commercial College in Bielefeld.\n\nFrom 1974 to 1976 I learned the profession of a commercial freight-forwarder. My years as an apprentice had been in Danzas GmbH in Bielefeld.\n\nImmediately after the final examination at the Chamber of Commerce and Industry I signed an open-ended contract with the Danzas GmbH.<\/p>\n<p>[\/et_pb_text][\/et_pb_column][et_pb_column type=&#8220;1_2&#8243; _builder_version=&#8220;3.25&#8243; custom_padding=&#8220;|||&#8220; custom_padding__hover=&#8220;|||&#8220;][et_pb_image src=&#8220;https:\/\/gkservices.de\/wp-content\/uploads\/2021\/03\/Person_300.jpg&#8220; alt=&#8220;G\u00fcnter Kuhlmann&#8220; title_text=&#8220;Person_300&#8243; align_tablet=&#8220;center&#8220; align_phone=&#8220;&#8220; align_last_edited=&#8220;on|desktop&#8220; _builder_version=&#8220;4.9.3&#8243; hover_enabled=&#8220;0&#8243; sticky_enabled=&#8220;0&#8243;][\/et_pb_image][\/et_pb_column][\/et_pb_row][et_pb_row column_structure=&#8220;1_2,1_2&#8243; _builder_version=&#8220;3.25&#8243;][et_pb_column type=&#8220;1_2&#8243; _builder_version=&#8220;3.25&#8243; custom_padding=&#8220;|||&#8220; custom_padding__hover=&#8220;|||&#8220;][et_pb_text _builder_version=&#8220;4.9.1&#8243; text_font=&#8220;||||||||&#8220; header_font=&#8220;||||||||&#8220; header_2_font=&#8220;||||||||&#8220; header_3_font=&#8220;|700|||||||&#8220; header_3_line_height=&#8220;1.6em&#8220; custom_padding=&#8220;|||&#8220; custom_padding_tablet=&#8220;||50px|&#8220; custom_padding_phone=&#8220;&#8220; custom_padding_last_edited=&#8220;on|phone&#8220; header_2_font_size_phone=&#8220;24px&#8220; header_2_font_size_last_edited=&#8220;off|desktop&#8220; locked=&#8220;off&#8220;]<\/p>\n<h3>exhibition freight-forwarder from 1977 to 2010<\/h3>\n<p class=\"translation-block\">In May 1977 a new department \u201eFairs and Exhibitions\u201c was created and I was one of the two first employees in Danzas GmbH in Northern Germany ever working on this subject exclusively.\n\nOver the years the mini-department became an independent branch-office and Danzas GmbH founded the specialized Danzas Messen GmbH. These processes I co-organized actively.<\/p>\n<p>In 1991 I became an authorized signatory of the company and in 1995 I was appointed as branch-director. I was responsible for all overseas exhibition-activities of the German Danzas-Group.<\/p>\n<p>[\/et_pb_text][\/et_pb_column][et_pb_column type=&#8220;1_2&#8243; _builder_version=&#8220;3.25&#8243; custom_padding=&#8220;|||&#8220; custom_padding__hover=&#8220;|||&#8220;][et_pb_text _builder_version=&#8220;4.9.1&#8243; text_font=&#8220;||||||||&#8220; header_font=&#8220;||||||||&#8220; header_2_font=&#8220;||||||||&#8220; header_3_font=&#8220;|700|||||||&#8220; header_3_line_height=&#8220;1.6em&#8220; custom_padding=&#8220;|||&#8220; custom_padding_tablet=&#8220;||50px|&#8220; custom_padding_phone=&#8220;&#8220; custom_padding_last_edited=&#8220;on|phone&#8220; header_2_font_size_phone=&#8220;24px&#8220; header_2_font_size_last_edited=&#8220;off|desktop&#8220; locked=&#8220;off&#8220;]<\/p>\n<p>&nbsp;<\/p>\n<p class=\"translation-block\">Mid of 1997 \u2013 after more than 20 years in the exhibition business \u2013 I quit and left the company. Short time later Danzas was taken over by Deutsche Post and became a part of DHL.<\/p>\n<div dir=\"ltr\">\n<p>In the same year \u2013 1997 \u2013 I was a founder of FairExpress GmbH Messespedition, an worldwide operating exhibition freight forwarder run by its owners.\nStarting from day one and for more than 13 years I was an exclusive representative of the company.<\/p>\n<\/div>\n<p>However, for me personally it is time to tackle new tasks. I would like you to profit from my decades of experience and professional competence.<\/p>\n<p class=\"translation-block\">This is why I founded G.K.-Services in 2011.<\/p>\n<p>[\/et_pb_text][\/et_pb_column][\/et_pb_row][\/et_pb_section][et_pb_section fb_built=&#8220;1&#8243; admin_label=&#8220;Footer&#8220; _builder_version=&#8220;3.22&#8243; background_color=&#8220;#3050d1&#8243; background_image=&#8220;http:\/\/gkservices.de.w01ba8bd.kasserver.com\/wp-content\/uploads\/2021\/03\/Footer-Bg.png&#8220; custom_padding=&#8220;54px|0px|54px|0px|false|false&#8220;][et_pb_row _builder_version=&#8220;3.25&#8243; locked=&#8220;off&#8220;][et_pb_column type=&#8220;4_4&#8243; _builder_version=&#8220;3.25&#8243; custom_padding=&#8220;|||&#8220; custom_padding__hover=&#8220;|||&#8220;][et_pb_text _builder_version=&#8220;4.9.1&#8243; text_font=&#8220;Josefin Sans||||||||&#8220; text_font_size=&#8220;20px&#8220; header_font=&#8220;||||||||&#8220; header_2_font=&#8220;Josefin Sans|700|||||||&#8220; header_2_font_size=&#8220;60px&#8220; header_2_line_height=&#8220;1.4em&#8220; text_orientation=&#8220;center&#8220; background_layout=&#8220;dark&#8220; max_width=&#8220;800px&#8220; module_alignment=&#8220;center&#8220; header_2_font_size_tablet=&#8220;50px&#8220; header_2_font_size_phone=&#8220;34px&#8220; header_2_font_size_last_edited=&#8220;on|phone&#8220;]<\/p>\n<h2>Contact<\/h2>\n<p>[\/et_pb_text][\/et_pb_column][\/et_pb_row][et_pb_row column_structure=&#8220;1_2,1_2&#8243; _builder_version=&#8220;3.25&#8243;][et_pb_column type=&#8220;1_2&#8243; _builder_version=&#8220;3.25&#8243; custom_padding=&#8220;|||&#8220; custom_padding__hover=&#8220;|||&#8220;][et_pb_contact_form captcha=&#8220;off&#8220; module_id=&#8220;et_pb_contact_form_0&#8243; _builder_version=&#8220;4.9.1&#8243; form_field_background_color=&#8220;rgba(255,255,255,0.9)&#8220; form_field_text_color=&#8220;rgba(104,109,131,0.6)&#8220; title_font=&#8220;Josefin Sans||||||||&#8220; form_field_font=&#8220;Josefin Sans|700|||||||&#8220; form_field_font_size=&#8220;16px&#8220; custom_button=&#8220;on&#8220; button_text_size=&#8220;14px&#8220; button_text_color=&#8220;#ffffff&#8220; button_bg_color=&#8220;#faa152&#8243; button_border_width=&#8220;12px&#8220; button_border_color=&#8220;#faa152&#8243; button_border_radius=&#8220;0px&#8220; button_font=&#8220;Josefin Sans|600||on|||||&#8220; button_use_icon=&#8220;off&#8220; max_width=&#8220;800px&#8220; custom_margin=&#8220;|||&#8220; custom_padding=&#8220;|||&#8220; animation_style=&#8220;fold&#8220; animation_direction=&#8220;top&#8220; animation_intensity_fold=&#8220;10%&#8220; form_background_color=&#8220;rgba(255,255,255,0.9)&#8220;][et_pb_contact_field field_id=&#8220;Name&#8220; field_title=&#8220;Name&#8220; _builder_version=&#8220;3.16&#8243; custom_margin=&#8220;||20px|&#8220; button_text_size__hover_enabled=&#8220;off&#8220; button_one_text_size__hover_enabled=&#8220;off&#8220; button_two_text_size__hover_enabled=&#8220;off&#8220; button_text_color__hover_enabled=&#8220;off&#8220; button_one_text_color__hover_enabled=&#8220;off&#8220; button_two_text_color__hover_enabled=&#8220;off&#8220; button_border_width__hover_enabled=&#8220;off&#8220; button_one_border_width__hover_enabled=&#8220;off&#8220; button_two_border_width__hover_enabled=&#8220;off&#8220; button_border_color__hover_enabled=&#8220;off&#8220; button_one_border_color__hover_enabled=&#8220;off&#8220; button_two_border_color__hover_enabled=&#8220;off&#8220; button_border_radius__hover_enabled=&#8220;off&#8220; button_one_border_radius__hover_enabled=&#8220;off&#8220; button_two_border_radius__hover_enabled=&#8220;off&#8220; button_letter_spacing__hover_enabled=&#8220;off&#8220; button_one_letter_spacing__hover_enabled=&#8220;off&#8220; button_two_letter_spacing__hover_enabled=&#8220;off&#8220; button_bg_color__hover_enabled=&#8220;off&#8220; button_one_bg_color__hover_enabled=&#8220;off&#8220; button_two_bg_color__hover_enabled=&#8220;off&#8220;][\/et_pb_contact_field][et_pb_contact_field field_id=&#8220;Email&#8220; field_title=&#8220;Email&#8220; field_type=&#8220;email&#8220; _builder_version=&#8220;4.9.1&#8243; custom_margin=&#8220;||20px|&#8220; button_text_size__hover_enabled=&#8220;off&#8220; button_one_text_size__hover_enabled=&#8220;off&#8220; button_two_text_size__hover_enabled=&#8220;off&#8220; button_text_color__hover_enabled=&#8220;off&#8220; button_one_text_color__hover_enabled=&#8220;off&#8220; button_two_text_color__hover_enabled=&#8220;off&#8220; button_border_width__hover_enabled=&#8220;off&#8220; button_one_border_width__hover_enabled=&#8220;off&#8220; button_two_border_width__hover_enabled=&#8220;off&#8220; button_border_color__hover_enabled=&#8220;off&#8220; button_one_border_color__hover_enabled=&#8220;off&#8220; button_two_border_color__hover_enabled=&#8220;off&#8220; button_border_radius__hover_enabled=&#8220;off&#8220; button_one_border_radius__hover_enabled=&#8220;off&#8220; button_two_border_radius__hover_enabled=&#8220;off&#8220; button_letter_spacing__hover_enabled=&#8220;off&#8220; button_one_letter_spacing__hover_enabled=&#8220;off&#8220; button_two_letter_spacing__hover_enabled=&#8220;off&#8220; button_bg_color__hover_enabled=&#8220;off&#8220; button_one_bg_color__hover_enabled=&#8220;off&#8220; button_two_bg_color__hover_enabled=&#8220;off&#8220;][\/et_pb_contact_field][et_pb_contact_field field_id=&#8220;Message&#8220; field_title=&#8220;Ihre Nachricht&#8220; field_type=&#8220;text&#8220; fullwidth_field=&#8220;on&#8220; _builder_version=&#8220;4.9.1&#8243; custom_margin=&#8220;||30px|&#8220; button_text_size__hover_enabled=&#8220;off&#8220; button_one_text_size__hover_enabled=&#8220;off&#8220; button_two_text_size__hover_enabled=&#8220;off&#8220; button_text_color__hover_enabled=&#8220;off&#8220; button_one_text_color__hover_enabled=&#8220;off&#8220; button_two_text_color__hover_enabled=&#8220;off&#8220; button_border_width__hover_enabled=&#8220;off&#8220; button_one_border_width__hover_enabled=&#8220;off&#8220; button_two_border_width__hover_enabled=&#8220;off&#8220; button_border_color__hover_enabled=&#8220;off&#8220; button_one_border_color__hover_enabled=&#8220;off&#8220; button_two_border_color__hover_enabled=&#8220;off&#8220; button_border_radius__hover_enabled=&#8220;off&#8220; button_one_border_radius__hover_enabled=&#8220;off&#8220; button_two_border_radius__hover_enabled=&#8220;off&#8220; button_letter_spacing__hover_enabled=&#8220;off&#8220; button_one_letter_spacing__hover_enabled=&#8220;off&#8220; button_two_letter_spacing__hover_enabled=&#8220;off&#8220; button_bg_color__hover_enabled=&#8220;off&#8220; button_one_bg_color__hover_enabled=&#8220;off&#8220; button_two_bg_color__hover_enabled=&#8220;off&#8220;][\/et_pb_contact_field][\/et_pb_contact_form][\/et_pb_column][et_pb_column type=&#8220;1_2&#8243; _builder_version=&#8220;3.25&#8243; custom_padding=&#8220;|||&#8220; custom_padding__hover=&#8220;|||&#8220;][et_pb_blurb title=&#8220;info@gkservices.de&#8220; use_icon=&#8220;on&#8220; font_icon=&#8220;%%238%%&#8220; icon_color=&#8220;#006ce0&#8243; use_circle=&#8220;on&#8220; circle_color=&#8220;#ffffff&#8220; icon_placement=&#8220;left&#8220; content_max_width=&#8220;1100px&#8220; use_icon_font_size=&#8220;on&#8220; icon_font_size=&#8220;16px&#8220; _builder_version=&#8220;4.9.1&#8243; header_font=&#8220;Josefin Sans|600|||||||&#8220; header_line_height=&#8220;1.6em&#8220; body_font=&#8220;||||||||&#8220; background_layout=&#8220;dark&#8220; animation_style=&#8220;zoom&#8220; animation_intensity_zoom=&#8220;10%&#8220; animation=&#8220;off&#8220;][\/et_pb_blurb][et_pb_blurb title=&#8220;0521 16 42 270&#8243; use_icon=&#8220;on&#8220; font_icon=&#8220;%%264%%&#8220; icon_color=&#8220;#006ce0&#8243; use_circle=&#8220;on&#8220; circle_color=&#8220;#ffffff&#8220; icon_placement=&#8220;left&#8220; content_max_width=&#8220;1100px&#8220; use_icon_font_size=&#8220;on&#8220; icon_font_size=&#8220;16px&#8220; _builder_version=&#8220;4.9.2&#8243; header_font=&#8220;Josefin Sans|600|||||||&#8220; header_line_height=&#8220;1.6em&#8220; body_font=&#8220;||||||||&#8220; background_layout=&#8220;dark&#8220; animation_style=&#8220;zoom&#8220; animation_intensity_zoom=&#8220;10%&#8220; animation=&#8220;off&#8220;][\/et_pb_blurb][et_pb_blurb title=&#8220;Wertherstr. 345, 33619 Bielefeld Deutschland&#8220; use_icon=&#8220;on&#8220; font_icon=&#8220;%%249%%&#8220; icon_color=&#8220;#006ce0&#8243; use_circle=&#8220;on&#8220; circle_color=&#8220;#ffffff&#8220; icon_placement=&#8220;left&#8220; content_max_width=&#8220;1100px&#8220; use_icon_font_size=&#8220;on&#8220; icon_font_size=&#8220;16px&#8220; _builder_version=&#8220;4.9.2&#8243; header_font=&#8220;Josefin Sans|600|||||||&#8220; header_line_height=&#8220;1.6em&#8220; body_font=&#8220;||||||||&#8220; background_layout=&#8220;dark&#8220; animation_style=&#8220;zoom&#8220; animation_intensity_zoom=&#8220;10%&#8220; animation=&#8220;off&#8220;][\/et_pb_blurb][\/et_pb_column][\/et_pb_row][\/et_pb_section]<\/p>","protected":false},"excerpt":{"rendered":"<p>G.K.-ServicesInh. H.-G\u00fcnter KuhlmannWertherstr. 345, 33619 BielefeldAls\u00a0Inhaber\u00a0von\u00a0G.K.-Services\u00a0in Bielefeld m\u00f6chte ich mich Ihnen pers\u00f6nlich vorstellen. Mein Name ist Hans-G\u00fcnter Kuhlmann und ich wurde 1955 in Bielefeld geboren. Ich bin verheiratet und Vater von zwei erwachsenen Kindern Aufgewachsen bin ich in Bielefeld, habe das Gymnasium in Werther\/Westf. besucht und danach die H\u00f6here Handelsschule erfolgreich absolviert. Von 1974 bis [&hellip;]<\/p>","protected":false},"author":1,"featured_media":0,"parent":0,"menu_order":0,"comment_status":"closed","ping_status":"closed","template":"","meta":{"_et_pb_use_builder":"on","_et_pb_old_content":"","_et_gb_content_width":"","footnotes":""},"class_list":["post-35","page","type-page","status-publish","hentry"],"_links":{"self":[{"href":"https:\/\/gkservices.de\/en\/wp-json\/wp\/v2\/pages\/35","targetHints":{"allow":["GET"]}}],"collection":[{"href":"https:\/\/gkservices.de\/en\/wp-json\/wp\/v2\/pages"}],"about":[{"href":"https:\/\/gkservices.de\/en\/wp-json\/wp\/v2\/types\/page"}],"author":[{"embeddable":true,"href":"https:\/\/gkservices.de\/en\/wp-json\/wp\/v2\/users\/1"}],"replies":[{"embeddable":true,"href":"https:\/\/gkservices.de\/en\/wp-json\/wp\/v2\/comments?post=35"}],"version-history":[{"count":10,"href":"https:\/\/gkservices.de\/en\/wp-json\/wp\/v2\/pages\/35\/revisions"}],"predecessor-version":[{"id":183,"href":"https:\/\/gkservices.de\/en\/wp-json\/wp\/v2\/pages\/35\/revisions\/183"}],"wp:attachment":[{"href":"https:\/\/gkservices.de\/en\/wp-json\/wp\/v2\/media?parent=35"}],"curies":[{"name":"wp","href":"https:\/\/api.w.org\/{rel}","templated":true}]}}